{"id":3241,"date":"2026-04-13T15:37:11","date_gmt":"2026-04-13T13:37:11","guid":{"rendered":"https:\/\/betterleaderslab.com\/?page_id=3241"},"modified":"2026-04-13T15:37:11","modified_gmt":"2026-04-13T13:37:11","slug":"beratung-2","status":"publish","type":"page","link":"https:\/\/betterleaderslab.com\/de\/beratung-2\/","title":{"rendered":"Beratung"},"content":{"rendered":"<p><img decoding=\"async\" src=\"\/wp-content\/uploads\/2023\/02\/how-we-work-2.svg\" alt=\"\"><\/p>\n<div>\n<p><span style=\"font-weight: 400;\">Im Better Leaders Lab arbeiten wir mit Ihnen zusammen, um durch gro\u00df angelegte Kulturver\u00e4nderungsprojekte wirkungsvolle Transformationen zu erzielen. Das Lab bietet vertrauliche Beratung f\u00fcr Top-F\u00fchrungskr\u00e4fte und Strategie-Assessments f\u00fcr Management-Teams. <\/span><\/p>\n<p><span style=\"font-weight: 400;\">Wir helfen Organisationen dabei, ihre Priorit\u00e4ten zu definieren oder zu verschieben und L\u00fccken aufzudecken, indem wir Strategie, Struktur, Kultur und Talent in den Fokus nehmen.<\/span><\/p>\n<\/div>\n<ul>\n<li>\n<p><img decoding=\"async\" src=\"\/wp-content\/uploads\/2023\/02\/bll-signet.svg\" alt=\"\"><\/p>\n<div>\n<p style=\"text-align: center;\"><span style=\"font-weight: 400;\">Unterst\u00fctzung von gro\u00df angelegten Kulturwandel- und Transformationsinitiativen<\/span><\/p>\n<\/div>\n<\/li>\n<li>\n<p><img decoding=\"async\" src=\"\/wp-content\/uploads\/2023\/02\/bll-signet.svg\" alt=\"\"><\/p>\n<div>\n<p style=\"text-align: center;\"><span style=\"font-weight: 400;\">Vertrauliche strategische Beratung f\u00fcr CxOs, Vorst\u00e4nde und F\u00fchrungsteams<\/span><\/p>\n<\/div>\n<\/li>\n<li>\n<p><img decoding=\"async\" src=\"\/wp-content\/uploads\/2023\/02\/bll-signet.svg\" alt=\"\"><\/p>\n<div>\n<p style=\"text-align: center;\"><span style=\"font-weight: 400;\">Bewertung von Organisationsstrukturen, Rollen, Kultur und Talentpool<\/span><\/p>\n<\/div>\n<\/li>\n<li>\n<p><img decoding=\"async\" src=\"\/wp-content\/uploads\/2023\/02\/bll-signet.svg\" alt=\"\"><\/p>\n<div>\n<p style=\"text-align: center;\"><span style=\"font-weight: 400;\">Strategieentwicklung und Strategiegestaltung<\/span><\/p>\n<\/div>\n<\/li>\n<li>\n<p><img decoding=\"async\" src=\"\/wp-content\/uploads\/2023\/02\/bll-signet.svg\" alt=\"\"><\/p>\n<div>\n<p style=\"text-align: center;\"><span style=\"font-weight: 400;\">Coaching und Entwicklung von CxOs und F\u00fchrungskr\u00e4ften<\/span><\/p>\n<\/div>\n<\/li>\n<li>\n<p><img decoding=\"async\" src=\"\/wp-content\/uploads\/2023\/02\/bll-signet.svg\" alt=\"\"><\/p>\n<div>\n<p style=\"text-align: center;\"><span style=\"font-weight: 400;\">Keynotes und Workshops zu den Themen F\u00fchrung, Management und Strategie<\/span><\/p>\n<\/div>\n<\/li>\n<\/ul>\n<h2>\n<p><span style=\"font-weight: 400;\">Kontaktieren Sie uns f\u00fcr weitere Informationen<\/span><\/p>\n<\/h2>\n<p>\n    <a href=\"mailto:hello@betterleaderslab.com\">hello@betterleaderslab.com<\/a>\n<\/p>\n<p><!--more--><br \/>\n<!-- {\"type\":\"layout\",\"children\":[{\"type\":\"section\",\"props\":{\"height_viewport\":460,\"image_position\":\"center-center\",\"padding\":\"xsmall\",\"padding_remove_bottom\":false,\"padding_remove_top\":true,\"style\":\"default\",\"title_breakpoint\":\"xl\",\"title_position\":\"top-left\",\"title_rotation\":\"left\",\"vertical_align\":\"middle\",\"width\":\"large\"},\"children\":[{\"type\":\"row\",\"children\":[{\"type\":\"column\",\"props\":{\"image_position\":\"center-center\",\"position_sticky_breakpoint\":\"m\"},\"children\":[{\"type\":\"image\",\"props\":{\"block_align\":\"center\",\"image\":\"wp-content\\\/uploads\\\/2023\\\/02\\\/how-we-work-2.svg\",\"image_svg_color\":\"emphasis\",\"margin\":\"default\",\"maxwidth\":\"medium\",\"text_align\":\"center\"}}]}]}],\"name\":\"Hero\"},{\"type\":\"section\",\"props\":{\"image_position\":\"center-center\",\"padding_remove_bottom\":true,\"padding_remove_top\":false,\"style\":\"default\",\"title_breakpoint\":\"xl\",\"title_position\":\"top-left\",\"title_rotation\":\"left\",\"vertical_align\":\"middle\",\"width\":\"default\"},\"children\":[{\"type\":\"row\",\"children\":[{\"type\":\"column\",\"props\":{\"image_position\":\"center-center\",\"position_sticky_breakpoint\":\"m\"},\"children\":[{\"type\":\"text\",\"props\":{\"column_breakpoint\":\"m\",\"content\":\"\n\n<p><span style=\\\"font-weight: 400;\\\">Im Better Leaders Lab arbeiten wir mit Ihnen zusammen, um durch gro\\u00df angelegte Kulturver\\u00e4nderungsprojekte wirkungsvolle Transformationen zu erzielen. Das Lab bietet vertrauliche Beratung f\\u00fcr Top-F\\u00fchrungskr\\u00e4fte und Strategie-Assessments f\\u00fcr Management-Teams. <\\\/span><\\\/p>\\n\n\n<p><span style=\\\"font-weight: 400;\\\">Wir helfen Organisationen dabei, ihre Priorit\\u00e4ten zu definieren oder zu verschieben und L\\u00fccken aufzudecken, indem wir Strategie, Struktur, Kultur und Talent in den Fokus nehmen.<\\\/span><\\\/p>\",\"margin\":\"default\",\"margin_remove_bottom\":false,\"margin_remove_top\":false}}]}]}],\"name\":\"Explanation Consulting\"},{\"type\":\"section\",\"props\":{\"image_position\":\"center-center\",\"padding\":\"large\",\"style\":\"default\",\"title_breakpoint\":\"xl\",\"title_position\":\"top-left\",\"title_rotation\":\"left\",\"vertical_align\":\"middle\",\"width\":\"default\"},\"children\":[{\"type\":\"row\",\"children\":[{\"type\":\"column\",\"props\":{\"image_position\":\"center-center\",\"position_sticky_breakpoint\":\"m\"},\"children\":[{\"type\":\"grid\",\"props\":{\"content_column_breakpoint\":\"m\",\"filter_align\":\"left\",\"filter_all\":true,\"filter_grid_breakpoint\":\"m\",\"filter_grid_width\":\"auto\",\"filter_position\":\"top\",\"filter_style\":\"tab\",\"grid_default\":\"1\",\"grid_medium\":\"3\",\"grid_row_gap\":\"large\",\"icon_width\":80,\"image_align\":\"top\",\"image_grid_breakpoint\":\"m\",\"image_grid_width\":\"1-2\",\"image_svg_color\":\"emphasis\",\"item_animation\":true,\"link_style\":\"default\",\"link_text\":\"Read more\",\"margin\":\"default\",\"meta_align\":\"below-title\",\"meta_element\":\"div\",\"meta_style\":\"text-meta\",\"show_content\":true,\"show_image\":true,\"show_link\":true,\"show_meta\":true,\"show_title\":true,\"text_align\":\"center\",\"title_align\":\"top\",\"title_element\":\"h3\",\"title_grid_breakpoint\":\"m\",\"title_grid_width\":\"1-2\",\"title_hover_style\":\"reset\"},\"children\":[{\"type\":\"grid_item\",\"props\":{\"content\":\"\n\n<p style=\\\"text-align: center;\\\"><span style=\\\"font-weight: 400;\\\">Unterst\\u00fctzung von gro\\u00df angelegten Kulturwandel- und Transformationsinitiativen<\\\/span><\\\/p>\",\"image\":\"wp-content\\\/uploads\\\/2023\\\/02\\\/bll-signet.svg\"}},{\"type\":\"grid_item\",\"props\":{\"content\":\"\n\n<p style=\\\"text-align: center;\\\"><span style=\\\"font-weight: 400;\\\">Vertrauliche strategische Beratung f\\u00fcr CxOs, Vorst\\u00e4nde und F\\u00fchrungsteams<\\\/span><\\\/p>\",\"image\":\"wp-content\\\/uploads\\\/2023\\\/02\\\/bll-signet.svg\"}},{\"type\":\"grid_item\",\"props\":{\"content\":\"\n\n<p style=\\\"text-align: center;\\\"><span style=\\\"font-weight: 400;\\\">Bewertung von Organisationsstrukturen, Rollen, Kultur und Talentpool<\\\/span><\\\/p>\",\"image\":\"wp-content\\\/uploads\\\/2023\\\/02\\\/bll-signet.svg\"}},{\"type\":\"grid_item\",\"props\":{\"content\":\"\n\n<p style=\\\"text-align: center;\\\"><span style=\\\"font-weight: 400;\\\">Strategieentwicklung und Strategiegestaltung<\\\/span><\\\/p>\",\"image\":\"wp-content\\\/uploads\\\/2023\\\/02\\\/bll-signet.svg\"}},{\"type\":\"grid_item\",\"props\":{\"content\":\"\n\n<p style=\\\"text-align: center;\\\"><span style=\\\"font-weight: 400;\\\">Coaching und Entwicklung von CxOs und F\\u00fchrungskr\\u00e4ften<\\\/span><\\\/p>\",\"image\":\"wp-content\\\/uploads\\\/2023\\\/02\\\/bll-signet.svg\"}},{\"type\":\"grid_item\",\"props\":{\"content\":\"\n\n<p style=\\\"text-align: center;\\\"><span style=\\\"font-weight: 400;\\\">Keynotes und Workshops zu den Themen F\\u00fchrung, Management und Strategie<\\\/span><\\\/p>\",\"image\":\"wp-content\\\/uploads\\\/2023\\\/02\\\/bll-signet.svg\"}}],\"name\":\"Grid \"}]}]}]},{\"name\":\"Kontaktinformationen\",\"type\":\"section\",\"props\":{\"animation\":\"slide-bottom-medium\",\"animation_delay\":\"120\",\"image_position\":\"center-center\",\"padding_remove_bottom\":false,\"padding_remove_top\":false,\"style\":\"secondary\",\"title_breakpoint\":\"s\",\"title_position\":\"top-right\",\"title_rotation\":\"left\",\"vertical_align\":\"middle\",\"width\":\"\"},\"children\":[{\"type\":\"row\",\"props\":{\"column_gap\":\"small\",\"margin_remove_bottom\":false,\"margin_remove_top\":false,\"row_gap\":\"small\"},\"children\":[{\"type\":\"column\",\"props\":{\"image_position\":\"center-center\",\"position_sticky_breakpoint\":\"m\"},\"children\":[{\"type\":\"headline\",\"props\":{\"block_align\":\"center\",\"content\":\"\n\n<p><span style=\\\"font-weight: 400;\\\">Kontaktieren Sie uns f\\u00fcr weitere Informationen<\\\/span><\\\/p>\",\"maxwidth\":\"large\",\"parallax_breakpoint\":\"m\",\"parallax_easing\":\"1\",\"parallax_end\":\"60vh + 60%\",\"parallax_opacity\":\"0.3,1\",\"parallax_y\":\"20,0\",\"text_align\":\"center\",\"title_element\":\"h2\"}},{\"type\":\"button\",\"props\":{\"class\":\"big-link\",\"grid_column_gap\":\"small\",\"grid_row_gap\":\"small\",\"margin\":\"medium\",\"text_align\":\"center\"},\"children\":[{\"type\":\"button_item\",\"props\":{\"button_style\":\"text\",\"content\":\"hello@betterleaderslab.com\",\"icon_align\":\"left\",\"link\":\"mailto:hello@betterleaderslab.com\"}}],\"name\":\"E-Mail\"}]}]}]}],\"version\":\"4.3.11\"} --><\/p>\n","protected":false},"excerpt":{"rendered":"<p>Im Better Leaders Lab arbeiten wir mit Ihnen zusammen, um durch gro\u00df angelegte Kulturver\u00e4nderungsprojekte wirkungsvolle Transformationen zu erzielen. Das Lab bietet vertrauliche Beratung f\u00fcr Top-F\u00fchrungskr\u00e4fte und Strategie-Assessments f\u00fcr Management-Teams. Wir helfen Organisationen dabei, ihre Priorit\u00e4ten zu definieren oder zu verschieben und L\u00fccken aufzudecken, indem wir Strategie, Struktur, Kultur und Talent in den Fokus nehmen. Unterst\u00fctzung [&hellip;]<\/p>\n","protected":false},"author":4,"featured_media":0,"parent":0,"menu_order":8,"comment_status":"open","ping_status":"closed","template":"","meta":{"_acf_changed":false,"footnotes":""},"class_list":["post-3241","page","type-page","status-publish","hentry"],"acf":[],"yoast_head":"<!-- This site is optimized with the Yoast SEO plugin v27.4 - https:\/\/yoast.com\/product\/yoast-seo-wordpress\/ -->\n<title>Better Leaders Lab<\/title>\n<meta name=\"description\" content=\"Better Leaders Lab unterst\u00fctzt Vorst\u00e4nde, CxOs und Managementteams mit strategischen Beratungs- und Serviceleistungen, um die Unternehmenskultur zu ver\u00e4ndern und die Medienbranche zu Spitzenleistungen, Diversit\u00e4t und Nachhaltigkeit zu f\u00fchren.\" \/>\n<meta name=\"robots\" content=\"index, follow, max-snippet:-1, max-image-preview:large, max-video-preview:-1\" \/>\n<link rel=\"canonical\" href=\"https:\/\/betterleaderslab.com\/de\/beratung-2\/\" \/>\n<meta property=\"og:locale\" content=\"de_DE\" \/>\n<meta property=\"og:type\" content=\"article\" \/>\n<meta property=\"og:title\" content=\"Better Leaders Lab\" \/>\n<meta property=\"og:description\" content=\"Better Leaders Lab unterst\u00fctzt Vorst\u00e4nde, CxOs und Managementteams mit strategischen Beratungs- und Serviceleistungen, um die Unternehmenskultur zu ver\u00e4ndern und die Medienbranche zu Spitzenleistungen, Diversit\u00e4t und Nachhaltigkeit zu f\u00fchren.\" \/>\n<meta property=\"og:url\" content=\"https:\/\/betterleaderslab.com\/de\/beratung-2\/\" \/>\n<meta property=\"og:site_name\" content=\"Better Leaders Lab\" \/>\n<meta property=\"og:image\" content=\"https:\/\/betterleaderslab.com\/wp-content\/uploads\/2023\/02\/social-media-preview.jpg\" \/>\n\t<meta property=\"og:image:width\" content=\"1200\" \/>\n\t<meta property=\"og:image:height\" content=\"600\" \/>\n\t<meta property=\"og:image:type\" content=\"image\/jpeg\" \/>\n<meta name=\"twitter:card\" content=\"summary_large_image\" \/>\n<meta name=\"twitter:label1\" content=\"Gesch\u00e4tzte Lesezeit\" \/>\n\t<meta name=\"twitter:data1\" content=\"3\u00a0Minuten\" \/>\n<script type=\"application\/ld+json\" class=\"yoast-schema-graph\">{\"@context\":\"https:\\\/\\\/schema.org\",\"@graph\":[{\"@type\":\"WebPage\",\"@id\":\"https:\\\/\\\/betterleaderslab.com\\\/de\\\/beratung-2\\\/\",\"url\":\"https:\\\/\\\/betterleaderslab.com\\\/de\\\/beratung-2\\\/\",\"name\":\"Better Leaders Lab\",\"isPartOf\":{\"@id\":\"https:\\\/\\\/betterleaderslab.com\\\/#website\"},\"datePublished\":\"2026-04-13T13:37:11+00:00\",\"description\":\"Better Leaders Lab unterst\u00fctzt Vorst\u00e4nde, CxOs und Managementteams mit strategischen Beratungs- und Serviceleistungen, um die Unternehmenskultur zu ver\u00e4ndern und die Medienbranche zu Spitzenleistungen, Diversit\u00e4t und Nachhaltigkeit zu f\u00fchren.\",\"breadcrumb\":{\"@id\":\"https:\\\/\\\/betterleaderslab.com\\\/de\\\/beratung-2\\\/#breadcrumb\"},\"inLanguage\":\"de\",\"potentialAction\":[{\"@type\":\"ReadAction\",\"target\":[\"https:\\\/\\\/betterleaderslab.com\\\/de\\\/beratung-2\\\/\"]}]},{\"@type\":\"BreadcrumbList\",\"@id\":\"https:\\\/\\\/betterleaderslab.com\\\/de\\\/beratung-2\\\/#breadcrumb\",\"itemListElement\":[{\"@type\":\"ListItem\",\"position\":1,\"name\":\"Startseite\",\"item\":\"https:\\\/\\\/betterleaderslab.com\\\/de\\\/home\\\/\"},{\"@type\":\"ListItem\",\"position\":2,\"name\":\"Beratung\"}]},{\"@type\":\"WebSite\",\"@id\":\"https:\\\/\\\/betterleaderslab.com\\\/#website\",\"url\":\"https:\\\/\\\/betterleaderslab.com\\\/\",\"name\":\"Better Leaders Lab\",\"description\":\"\",\"publisher\":{\"@id\":\"https:\\\/\\\/betterleaderslab.com\\\/#organization\"},\"potentialAction\":[{\"@type\":\"SearchAction\",\"target\":{\"@type\":\"EntryPoint\",\"urlTemplate\":\"https:\\\/\\\/betterleaderslab.com\\\/?s={search_term_string}\"},\"query-input\":{\"@type\":\"PropertyValueSpecification\",\"valueRequired\":true,\"valueName\":\"search_term_string\"}}],\"inLanguage\":\"de\"},{\"@type\":\"Organization\",\"@id\":\"https:\\\/\\\/betterleaderslab.com\\\/#organization\",\"name\":\"Better Leaders Lab\",\"url\":\"https:\\\/\\\/betterleaderslab.com\\\/\",\"logo\":{\"@type\":\"ImageObject\",\"inLanguage\":\"de\",\"@id\":\"https:\\\/\\\/betterleaderslab.com\\\/#\\\/schema\\\/logo\\\/image\\\/\",\"url\":\"https:\\\/\\\/betterleaderslab.com\\\/wp-content\\\/uploads\\\/2023\\\/02\\\/bll-signet.svg\",\"contentUrl\":\"https:\\\/\\\/betterleaderslab.com\\\/wp-content\\\/uploads\\\/2023\\\/02\\\/bll-signet.svg\",\"width\":1,\"height\":1,\"caption\":\"Better Leaders Lab\"},\"image\":{\"@id\":\"https:\\\/\\\/betterleaderslab.com\\\/#\\\/schema\\\/logo\\\/image\\\/\"}}]}<\/script>\n<!-- \/ Yoast SEO plugin. -->","yoast_head_json":{"title":"Better Leaders Lab","description":"Better Leaders Lab unterst\u00fctzt Vorst\u00e4nde, CxOs und Managementteams mit strategischen Beratungs- und Serviceleistungen, um die Unternehmenskultur zu ver\u00e4ndern und die Medienbranche zu Spitzenleistungen, Diversit\u00e4t und Nachhaltigkeit zu f\u00fchren.","robots":{"index":"index","follow":"follow","max-snippet":"max-snippet:-1","max-image-preview":"max-image-preview:large","max-video-preview":"max-video-preview:-1"},"canonical":"https:\/\/betterleaderslab.com\/de\/beratung-2\/","og_locale":"de_DE","og_type":"article","og_title":"Better Leaders Lab","og_description":"Better Leaders Lab unterst\u00fctzt Vorst\u00e4nde, CxOs und Managementteams mit strategischen Beratungs- und Serviceleistungen, um die Unternehmenskultur zu ver\u00e4ndern und die Medienbranche zu Spitzenleistungen, Diversit\u00e4t und Nachhaltigkeit zu f\u00fchren.","og_url":"https:\/\/betterleaderslab.com\/de\/beratung-2\/","og_site_name":"Better Leaders Lab","og_image":[{"width":1200,"height":600,"url":"https:\/\/betterleaderslab.com\/wp-content\/uploads\/2023\/02\/social-media-preview.jpg","type":"image\/jpeg"}],"twitter_card":"summary_large_image","twitter_misc":{"Gesch\u00e4tzte Lesezeit":"3\u00a0Minuten"},"schema":{"@context":"https:\/\/schema.org","@graph":[{"@type":"WebPage","@id":"https:\/\/betterleaderslab.com\/de\/beratung-2\/","url":"https:\/\/betterleaderslab.com\/de\/beratung-2\/","name":"Better Leaders Lab","isPartOf":{"@id":"https:\/\/betterleaderslab.com\/#website"},"datePublished":"2026-04-13T13:37:11+00:00","description":"Better Leaders Lab unterst\u00fctzt Vorst\u00e4nde, CxOs und Managementteams mit strategischen Beratungs- und Serviceleistungen, um die Unternehmenskultur zu ver\u00e4ndern und die Medienbranche zu Spitzenleistungen, Diversit\u00e4t und Nachhaltigkeit zu f\u00fchren.","breadcrumb":{"@id":"https:\/\/betterleaderslab.com\/de\/beratung-2\/#breadcrumb"},"inLanguage":"de","potentialAction":[{"@type":"ReadAction","target":["https:\/\/betterleaderslab.com\/de\/beratung-2\/"]}]},{"@type":"BreadcrumbList","@id":"https:\/\/betterleaderslab.com\/de\/beratung-2\/#breadcrumb","itemListElement":[{"@type":"ListItem","position":1,"name":"Startseite","item":"https:\/\/betterleaderslab.com\/de\/home\/"},{"@type":"ListItem","position":2,"name":"Beratung"}]},{"@type":"WebSite","@id":"https:\/\/betterleaderslab.com\/#website","url":"https:\/\/betterleaderslab.com\/","name":"Better Leaders Lab","description":"","publisher":{"@id":"https:\/\/betterleaderslab.com\/#organization"},"potentialAction":[{"@type":"SearchAction","target":{"@type":"EntryPoint","urlTemplate":"https:\/\/betterleaderslab.com\/?s={search_term_string}"},"query-input":{"@type":"PropertyValueSpecification","valueRequired":true,"valueName":"search_term_string"}}],"inLanguage":"de"},{"@type":"Organization","@id":"https:\/\/betterleaderslab.com\/#organization","name":"Better Leaders Lab","url":"https:\/\/betterleaderslab.com\/","logo":{"@type":"ImageObject","inLanguage":"de","@id":"https:\/\/betterleaderslab.com\/#\/schema\/logo\/image\/","url":"https:\/\/betterleaderslab.com\/wp-content\/uploads\/2023\/02\/bll-signet.svg","contentUrl":"https:\/\/betterleaderslab.com\/wp-content\/uploads\/2023\/02\/bll-signet.svg","width":1,"height":1,"caption":"Better Leaders Lab"},"image":{"@id":"https:\/\/betterleaderslab.com\/#\/schema\/logo\/image\/"}}]}},"_links":{"self":[{"href":"https:\/\/betterleaderslab.com\/de\/wp-json\/wp\/v2\/pages\/3241","targetHints":{"allow":["GET"]}}],"collection":[{"href":"https:\/\/betterleaderslab.com\/de\/wp-json\/wp\/v2\/pages"}],"about":[{"href":"https:\/\/betterleaderslab.com\/de\/wp-json\/wp\/v2\/types\/page"}],"author":[{"embeddable":true,"href":"https:\/\/betterleaderslab.com\/de\/wp-json\/wp\/v2\/users\/4"}],"replies":[{"embeddable":true,"href":"https:\/\/betterleaderslab.com\/de\/wp-json\/wp\/v2\/comments?post=3241"}],"version-history":[{"count":1,"href":"https:\/\/betterleaderslab.com\/de\/wp-json\/wp\/v2\/pages\/3241\/revisions"}],"predecessor-version":[{"id":3778,"href":"https:\/\/betterleaderslab.com\/de\/wp-json\/wp\/v2\/pages\/3241\/revisions\/3778"}],"wp:attachment":[{"href":"https:\/\/betterleaderslab.com\/de\/wp-json\/wp\/v2\/media?parent=3241"}],"curies":[{"name":"wp","href":"https:\/\/api.w.org\/{rel}","templated":true}]}}