{"id":2531,"date":"2024-07-18T10:15:01","date_gmt":"2024-07-18T08:15:01","guid":{"rendered":"https:\/\/betterleaderslab.com\/?page_id=2531"},"modified":"2025-06-04T17:58:12","modified_gmt":"2025-06-04T15:58:12","slug":"ressourcen","status":"publish","type":"page","link":"https:\/\/betterleaderslab.com\/de\/ressourcen\/","title":{"rendered":"Ressourcen"},"content":{"rendered":"<p><img decoding=\"async\" src=\"\/wp-content\/uploads\/2025\/05\/Kopie-von-Kopie-von-Better-Leaders-Academy-Querformat-scaled.png\" alt=\"\"><\/p>\n<div>\n<p><span style=\"font-weight: 400;\">Das Better Leaders Lab strebt danach, eine zentrale Anlaufstelle f\u00fcr moderne F\u00fchrung zu sein und wichtige Diskurse \u00fcber besseres Management, Kulturwandel, Diversit\u00e4t und Transformation f\u00fcr alle zug\u00e4nglich zu machen. Wir erreichen dies durch umfassende Berichte, ansprechende Veranstaltungen und aufschlussreiche Inhalte.\u00a0<\/span><\/p>\n<\/div>\n<h1>AI Leadership Journey<\/h1>\n<div>\n<article class=\"text-token-text-primary w-full\" dir=\"auto\" data-testid=\"conversation-turn-4\" data-scroll-anchor=\"true\">\n<div class=\"text-base my-auto mx-auto py-5 [--thread-content-margin:--spacing(4)] @[37rem]:[--thread-content-margin:--spacing(6)] @[70rem]:[--thread-content-margin:--spacing(12)] px-(--thread-content-margin)\">\n<div class=\"[--thread-content-max-width:32rem] @[34rem]:[--thread-content-max-width:40rem] @[64rem]:[--thread-content-max-width:48rem] mx-auto flex max-w-(--thread-content-max-width) flex-1 text-base gap-4 md:gap-5 lg:gap-6 group\/turn-messages focus-visible:outline-hidden\" tabindex=\"-1\">\n<div class=\"group\/conversation-turn relative flex w-full min-w-0 flex-col agent-turn\">\n<div class=\"relative flex-col gap-1 md:gap-3\">\n<div class=\"flex max-w-full flex-col grow\">\n<div data-message-author-role=\"assistant\" data-message-id=\"73d5e087-d91a-49ef-a6c8-565f5490424e\" dir=\"auto\" class=\"min-h-8 text-message relative flex w-full flex-col items-end gap-2 text-start break-words whitespace-normal [.text-message+&amp;]:mt-5\" data-message-model-slug=\"gpt-4o\">\n<div class=\"flex w-full flex-col gap-1 empty:hidden first:pt-[3px]\">\n<div class=\"markdown prose dark:prose-invert w-full break-words light\">\n<p data-start=\"0\" data-end=\"170\" class=\"\">Diese 9-w\u00f6chige E-Mail-Journey (auf Englisch), entwickelt von Anita Zielina, soll Ihnen helfen, mit mehr Klarheit, Empathie und strategischem Fokus in einer von KI gepr\u00e4gten Welt zu f\u00fchren.\u00a0<\/p>\n<\/div>\n<\/div>\n<\/div>\n<\/div>\n<\/div>\n<\/div>\n<\/div>\n<\/div>\n<\/article>\n<\/div>\n<p><p>\n        <a href=\"https:\/\/bit.ly\/ai-leadership-journey\">Jetzt starten<\/a>\n    <\/p>\n<\/p>\n<div>\n<p data-start=\"683\" data-end=\"782\">Alle neun Module der AI Leadership Journey \u2013 kompakt vereint f\u00fcr kluge F\u00fchrung im KI-Zeitalter.\u00a0<\/p>\n<\/div>\n<p><p>\n        <a href=\"\/wp-content\/uploads\/2025\/06\/AI_Leadership_Journey_Complete_Edition.pdf\">Download AI Leadership Journey &#8211; Complete Edition (English)<\/a>\n    <\/p>\n<\/p>\n<h1>Reports<\/h1>\n<div>\n<p style=\"text-align: center;\">Freeing, Flexible, Frustrating: Hybrid and Remote Work in the Media Sector<\/p>\n<\/div>\n<p><p>\n        <a href=\"\/wp-content\/uploads\/2024\/05\/Better_Leaders_Lab_Report_Hybrid_Work-1.pdf\">Download Report Better Leaders Lab (English)<\/a>\n    <\/p>\n<\/p>\n<div>\n<p style=\"text-align: center;\">Frei, flexibel, frustriert: Hybrides und remotes Arbeiten in der Medienbranche<\/p>\n<\/div>\n<p><p>\n        <a href=\"https:\/\/betterleaderslab.com\/wp-content\/uploads\/2024\/04\/Better_Leaders_Lab_Report_Hybrid_Work.pdf\">Download Report Better Leaders Lab (Deutsch)<\/a>\n    <\/p>\n<\/p>\n<h1>Events<\/h1>\n<div>\n<p><span style=\"font-weight: 400;\">Erfahren Sie mehr \u00fcber aktuelle Veranstaltungen auf der Better Leaders Lab <a href=\"https:\/\/www.eventbrite.de\/o\/better-leaders-lab-60340778303\" target=\"_blank\" rel=\"noopener\">Eventbrite<\/a>-Seite.<\/span><\/p>\n<\/div>\n<h1>Podcast<\/h1>\n<div>\n<p><span style=\"font-weight: 400;\">H\u00f6ren Sie die erste Staffel des <a href=\"https:\/\/better-leaders.simplecast.com\/\" target=\"_blank\" rel=\"noopener\">\u201cBetter Leaders\u201d podcast<\/a>.<\/span><\/p>\n<\/div>\n<h2>\n<p><span style=\"font-weight: 400;\">Wenn Sie Fragen haben, kontaktieren Sie uns<\/span><\/p>\n<\/h2>\n<p><p>\n        <a href=\"mailto:hello@betterleaderslab.com\">hello@betterleaderslab.com<\/a>\n    <\/p>\n<\/p>\n<p><!--more--><br \/>\n<!-- {\"type\":\"layout\",\"children\":[{\"type\":\"section\",\"props\":{\"image_position\":\"center-center\",\"padding_remove_bottom\":true,\"padding_remove_top\":true,\"style\":\"default\",\"title_breakpoint\":\"xl\",\"title_position\":\"top-left\",\"title_rotation\":\"left\",\"vertical_align\":\"\",\"width\":\"large\"},\"children\":[{\"type\":\"row\",\"children\":[{\"type\":\"column\",\"props\":{\"image_position\":\"center-center\",\"position_sticky_breakpoint\":\"m\"},\"children\":[{\"type\":\"image\",\"props\":{\"block_align\":\"center\",\"image\":\"wp-content\\\/uploads\\\/2025\\\/05\\\/Kopie-von-Kopie-von-Better-Leaders-Academy-Querformat-scaled.png\",\"image_svg_color\":\"emphasis\",\"margin\":\"default\",\"maxwidth\":\"xlarge\"}}]}]}],\"name\":\"Hero\"},{\"type\":\"section\",\"props\":{\"image_position\":\"center-center\",\"style\":\"default\",\"title_breakpoint\":\"xl\",\"title_position\":\"top-left\",\"title_rotation\":\"left\",\"vertical_align\":\"\",\"width\":\"default\"},\"children\":[{\"type\":\"row\",\"children\":[{\"type\":\"column\",\"props\":{\"image_position\":\"center-center\",\"position_sticky_breakpoint\":\"m\"},\"children\":[{\"type\":\"text\",\"props\":{\"block_align\":\"center\",\"column_breakpoint\":\"m\",\"content\":\"\n\n<p><span style=\\\"font-weight: 400;\\\">Das Better Leaders Lab strebt danach, eine zentrale Anlaufstelle f\\u00fcr moderne F\\u00fchrung zu sein und wichtige Diskurse \\u00fcber besseres Management, Kulturwandel, Diversit\\u00e4t und Transformation f\\u00fcr alle zug\\u00e4nglich zu machen. Wir erreichen dies durch umfassende Berichte, ansprechende Veranstaltungen und aufschlussreiche Inhalte.\\u00a0<\\\/span><\\\/p>\",\"margin\":\"default\"}}]}]}]},{\"type\":\"section\",\"props\":{\"image_position\":\"center-center\",\"padding_remove_top\":true,\"style\":\"default\",\"title_breakpoint\":\"xl\",\"title_position\":\"top-left\",\"title_rotation\":\"left\",\"vertical_align\":\"\",\"width\":\"default\"},\"children\":[{\"type\":\"row\",\"children\":[{\"type\":\"column\",\"props\":{\"image_position\":\"center-center\",\"position_sticky_breakpoint\":\"m\"},\"children\":[{\"type\":\"headline\",\"props\":{\"content\":\"AI Leadership Journey\",\"title_element\":\"h1\"}},{\"type\":\"text\",\"props\":{\"column_breakpoint\":\"m\",\"content\":\"\n\n<article class=\\\"text-token-text-primary w-full\\\" dir=\\\"auto\\\" data-testid=\\\"conversation-turn-4\\\" data-scroll-anchor=\\\"true\\\">\\n\n\n<div class=\\\"text-base my-auto mx-auto py-5 [--thread-content-margin:--spacing(4)] @[37rem]:[--thread-content-margin:--spacing(6)] @[70rem]:[--thread-content-margin:--spacing(12)] px-(--thread-content-margin)\\\">\\n\n\n<div class=\\\"[--thread-content-max-width:32rem] @[34rem]:[--thread-content-max-width:40rem] @[64rem]:[--thread-content-max-width:48rem] mx-auto flex max-w-(--thread-content-max-width) flex-1 text-base gap-4 md:gap-5 lg:gap-6 group\\\/turn-messages focus-visible:outline-hidden\\\" tabindex=\\\"-1\\\">\\n\n\n<div class=\\\"group\\\/conversation-turn relative flex w-full min-w-0 flex-col agent-turn\\\">\\n\n\n<div class=\\\"relative flex-col gap-1 md:gap-3\\\">\\n\n\n<div class=\\\"flex max-w-full flex-col grow\\\">\\n\n\n<div data-message-author-role=\\\"assistant\\\" data-message-id=\\\"73d5e087-d91a-49ef-a6c8-565f5490424e\\\" dir=\\\"auto\\\" class=\\\"min-h-8 text-message relative flex w-full flex-col items-end gap-2 text-start break-words whitespace-normal [.text-message+&amp;]:mt-5\\\" data-message-model-slug=\\\"gpt-4o\\\">\\n\n\n<div class=\\\"flex w-full flex-col gap-1 empty:hidden first:pt-[3px]\\\">\\n\n\n<div class=\\\"markdown prose dark:prose-invert w-full break-words light\\\">\\n\n\n<p data-start=\\\"0\\\" data-end=\\\"170\\\" class=\\\"\\\">Diese 9-w\\u00f6chige E-Mail-Journey (auf Englisch), entwickelt von Anita Zielina, soll Ihnen helfen, mit mehr Klarheit, Empathie und strategischem Fokus in einer von KI gepr\\u00e4gten Welt zu f\\u00fchren.\\u00a0<\\\/p>\\n<\\\/div>\\n<\\\/div>\\n<\\\/div>\\n<\\\/div>\\n<\\\/div>\\n<\\\/div>\\n<\\\/div>\\n<\\\/div>\\n<\\\/article>\",\"margin\":\"default\"}},{\"type\":\"button\",\"props\":{\"grid_column_gap\":\"small\",\"grid_row_gap\":\"small\",\"margin\":\"default\",\"text_align\":\"center\"},\"children\":[{\"type\":\"button_item\",\"props\":{\"button_style\":\"primary\",\"content\":\"Jetzt starten\",\"dialog_layout\":\"modal\",\"dialog_offcanvas_flip\":true,\"icon\":\"mail\",\"icon_align\":\"left\",\"link\":\"https:\\\/\\\/bit.ly\\\/ai-leadership-journey\",\"link_target\":\"blank\",\"link_title\":\"Jetzt starten\"}}]},{\"type\":\"text\",\"props\":{\"column_breakpoint\":\"m\",\"content\":\"\n\n<p data-start=\\\"683\\\" data-end=\\\"782\\\">Alle neun Module der AI Leadership Journey \\u2013 kompakt vereint f\\u00fcr kluge F\\u00fchrung im KI-Zeitalter.\\u00a0<\\\/p>\",\"margin\":\"default\"}},{\"type\":\"button\",\"props\":{\"grid_column_gap\":\"small\",\"grid_row_gap\":\"small\",\"margin\":\"default\",\"text_align\":\"center\"},\"children\":[{\"type\":\"button_item\",\"props\":{\"button_style\":\"primary\",\"content\":\"Download AI Leadership Journey - Complete Edition (English)\",\"dialog_layout\":\"modal\",\"dialog_offcanvas_flip\":true,\"icon\":\"mail\",\"icon_align\":\"left\",\"link\":\"wp-content\\\/uploads\\\/2025\\\/06\\\/AI_Leadership_Journey_Complete_Edition.pdf\",\"link_target\":\"blank\",\"link_title\":\"Download AI Leadership Journey - Complete Edition (English)\"}}]}]}],\"props\":{\"width\":\"default\"}}],\"name\":\"AI Leadership Journey\"},{\"type\":\"section\",\"props\":{\"image_position\":\"center-center\",\"padding_remove_top\":true,\"style\":\"default\",\"title_breakpoint\":\"xl\",\"title_position\":\"top-left\",\"title_rotation\":\"left\",\"vertical_align\":\"\",\"width\":\"default\"},\"children\":[{\"type\":\"row\",\"children\":[{\"type\":\"column\",\"props\":{\"image_position\":\"center-center\",\"position_sticky_breakpoint\":\"m\"},\"children\":[{\"type\":\"headline\",\"props\":{\"content\":\"Reports\",\"title_element\":\"h1\"}},{\"type\":\"text\",\"props\":{\"column_breakpoint\":\"m\",\"content\":\"\n\n<p style=\\\"text-align: center;\\\">Freeing, Flexible, Frustrating: Hybrid and Remote Work in the Media Sector<\\\/p>\",\"margin\":\"default\"}},{\"type\":\"button\",\"props\":{\"grid_column_gap\":\"small\",\"grid_row_gap\":\"small\",\"margin\":\"default\",\"text_align\":\"center\"},\"children\":[{\"type\":\"button_item\",\"props\":{\"button_style\":\"primary\",\"content\":\"Download Report Better Leaders Lab (English)\",\"dialog_layout\":\"modal\",\"dialog_offcanvas_flip\":true,\"icon\":\"pull\",\"icon_align\":\"left\",\"link\":\"wp-content\\\/uploads\\\/2024\\\/05\\\/Better_Leaders_Lab_Report_Hybrid_Work-1.pdf\",\"link_target\":\"blank\",\"link_title\":\"Download Report Better Leaders Lab (English)\"}}]}]}],\"props\":{\"width\":\"default\"}},{\"type\":\"row\",\"children\":[{\"type\":\"column\",\"props\":{\"image_position\":\"center-center\",\"position_sticky_breakpoint\":\"m\"},\"children\":[{\"type\":\"text\",\"props\":{\"column_breakpoint\":\"m\",\"content\":\"\n\n<p style=\\\"text-align: center;\\\">Frei, flexibel, frustriert: Hybrides und remotes Arbeiten in der Medienbranche<\\\/p>\",\"margin\":\"default\"}},{\"type\":\"button\",\"props\":{\"grid_column_gap\":\"small\",\"grid_row_gap\":\"small\",\"margin\":\"default\",\"text_align\":\"center\"},\"children\":[{\"type\":\"button_item\",\"props\":{\"button_style\":\"primary\",\"content\":\"Download Report Better Leaders Lab (Deutsch)\",\"dialog_layout\":\"modal\",\"dialog_offcanvas_flip\":true,\"icon\":\"pull\",\"icon_align\":\"left\",\"link\":\"https:\\\/\\\/betterleaderslab.com\\\/wp-content\\\/uploads\\\/2024\\\/04\\\/Better_Leaders_Lab_Report_Hybrid_Work.pdf\",\"link_target\":\"blank\",\"link_title\":\"Download Report Better Leaders Lab (Deutsch)\"}}]}]}],\"props\":{\"width\":\"default\"}}],\"name\":\"Reports\"},{\"type\":\"section\",\"props\":{\"image_position\":\"center-center\",\"padding_remove_top\":true,\"style\":\"default\",\"title_breakpoint\":\"xl\",\"title_position\":\"top-left\",\"title_rotation\":\"left\",\"vertical_align\":\"\",\"width\":\"default\"},\"children\":[{\"type\":\"row\",\"children\":[{\"type\":\"column\",\"props\":{\"image_position\":\"center-center\",\"position_sticky_breakpoint\":\"m\"},\"children\":[{\"type\":\"headline\",\"props\":{\"content\":\"Events\",\"title_element\":\"h1\"}},{\"type\":\"text\",\"props\":{\"column_breakpoint\":\"m\",\"content\":\"\n\n<p><span style=\\\"font-weight: 400;\\\">Erfahren Sie mehr \\u00fcber aktuelle Veranstaltungen auf der Better Leaders Lab <a href=\\\"https:\\\/\\\/www.eventbrite.de\\\/o\\\/better-leaders-lab-60340778303\\\" target=\\\"_blank\\\" rel=\\\"noopener\\\">Eventbrite<\\\/a>-Seite.<\\\/span><\\\/p>\",\"margin\":\"default\"}}]}]}],\"name\":\"Events\"},{\"type\":\"section\",\"props\":{\"image_position\":\"center-center\",\"padding\":\"large\",\"padding_remove_top\":true,\"style\":\"default\",\"title_breakpoint\":\"xl\",\"title_position\":\"top-left\",\"title_rotation\":\"left\",\"vertical_align\":\"\",\"width\":\"default\"},\"children\":[{\"type\":\"row\",\"children\":[{\"type\":\"column\",\"props\":{\"image_position\":\"center-center\",\"position_sticky_breakpoint\":\"m\"},\"children\":[{\"type\":\"headline\",\"props\":{\"content\":\"Podcast\",\"title_element\":\"h1\"}},{\"type\":\"text\",\"props\":{\"column_breakpoint\":\"m\",\"content\":\"\n\n<p><span style=\\\"font-weight: 400;\\\">H\\u00f6ren Sie die erste Staffel des <a href=\\\"https:\\\/\\\/better-leaders.simplecast.com\\\/\\\" target=\\\"_blank\\\" rel=\\\"noopener\\\">\\u201cBetter Leaders\\u201d podcast<\\\/a>.<\\\/span><\\\/p>\",\"margin\":\"default\"}}]}]}],\"name\":\"Podcast\"},{\"name\":\"Kontaktinformationen\",\"type\":\"section\",\"props\":{\"animation\":\"slide-bottom-medium\",\"animation_delay\":\"120\",\"image_position\":\"center-center\",\"padding_remove_bottom\":false,\"padding_remove_top\":false,\"style\":\"secondary\",\"title_breakpoint\":\"s\",\"title_position\":\"top-right\",\"title_rotation\":\"left\",\"vertical_align\":\"\",\"width\":\"\"},\"children\":[{\"type\":\"row\",\"props\":{\"column_gap\":\"small\",\"margin_remove_bottom\":false,\"margin_remove_top\":false,\"row_gap\":\"small\"},\"children\":[{\"type\":\"column\",\"props\":{\"image_position\":\"center-center\",\"position_sticky_breakpoint\":\"m\"},\"children\":[{\"type\":\"headline\",\"props\":{\"block_align\":\"center\",\"content\":\"\n\n<p><span style=\\\"font-weight: 400;\\\">Wenn Sie Fragen haben, kontaktieren Sie uns<\\\/span><\\\/p>\",\"maxwidth\":\"large\",\"parallax_breakpoint\":\"m\",\"parallax_easing\":\"1\",\"parallax_end\":\"60vh + 60%\",\"parallax_opacity\":\"0.3,1\",\"parallax_y\":\"20,0\",\"text_align\":\"center\",\"title_element\":\"h2\"}},{\"type\":\"button\",\"props\":{\"class\":\"big-link\",\"grid_column_gap\":\"small\",\"grid_row_gap\":\"small\",\"margin\":\"medium\",\"text_align\":\"center\"},\"children\":[{\"type\":\"button_item\",\"props\":{\"button_style\":\"text\",\"content\":\"hello@betterleaderslab.com\",\"dialog_layout\":\"modal\",\"dialog_offcanvas_flip\":true,\"icon_align\":\"left\",\"link\":\"mailto:hello@betterleaderslab.com\"}}],\"name\":\"E-Mail\"}]}]}]}],\"version\":\"4.5.16\"} --><\/p>\n","protected":false},"excerpt":{"rendered":"<p>Das Better Leaders Lab strebt danach, eine zentrale Anlaufstelle f\u00fcr moderne F\u00fchrung zu sein und wichtige Diskurse \u00fcber besseres Management, Kulturwandel, Diversit\u00e4t und Transformation f\u00fcr alle zug\u00e4nglich zu machen. Wir erreichen dies durch umfassende Berichte, ansprechende Veranstaltungen und aufschlussreiche Inhalte.\u00a0 AI Leadership Journey Diese 9-w\u00f6chige E-Mail-Journey (auf Englisch), entwickelt von Anita Zielina, soll Ihnen helfen, [&hellip;]<\/p>\n","protected":false},"author":3,"featured_media":2214,"parent":0,"menu_order":8,"comment_status":"open","ping_status":"closed","template":"","meta":{"_acf_changed":false,"footnotes":""},"class_list":["post-2531","page","type-page","status-publish","has-post-thumbnail","hentry"],"acf":[],"yoast_head":"<!-- This site is optimized with the Yoast SEO plugin v27.4 - https:\/\/yoast.com\/product\/yoast-seo-wordpress\/ -->\n<title>Better Leaders Lab<\/title>\n<meta name=\"description\" content=\"Innovation und herausragende F\u00fchrungsqualit\u00e4ten f\u00f6rdern: Ressourcen f\u00fcr das Better Leaders Lab - Neue Dimensionen effektiver F\u00fchrungs- und Managementstrategien er\u00f6ffnen.\" \/>\n<meta name=\"robots\" content=\"index, follow, max-snippet:-1, max-image-preview:large, max-video-preview:-1\" \/>\n<link rel=\"canonical\" href=\"https:\/\/betterleaderslab.com\/de\/ressourcen\/\" \/>\n<meta property=\"og:locale\" content=\"de_DE\" \/>\n<meta property=\"og:type\" content=\"article\" \/>\n<meta property=\"og:title\" content=\"Better Leaders Lab\" \/>\n<meta property=\"og:description\" content=\"Innovation und herausragende F\u00fchrungsqualit\u00e4ten f\u00f6rdern: Ressourcen f\u00fcr das Better Leaders Lab - Neue Dimensionen effektiver F\u00fchrungs- und Managementstrategien er\u00f6ffnen.\" \/>\n<meta property=\"og:url\" content=\"https:\/\/betterleaderslab.com\/de\/ressourcen\/\" \/>\n<meta property=\"og:site_name\" content=\"Better Leaders Lab\" \/>\n<meta property=\"article:modified_time\" content=\"2025-06-04T15:58:12+00:00\" \/>\n<meta property=\"og:image\" content=\"https:\/\/betterleaderslab.com\/wp-content\/uploads\/2024\/04\/4.png\" \/>\n\t<meta property=\"og:image:width\" content=\"1080\" \/>\n\t<meta property=\"og:image:height\" content=\"1080\" \/>\n\t<meta property=\"og:image:type\" content=\"image\/png\" \/>\n<meta name=\"twitter:card\" content=\"summary_large_image\" \/>\n<meta name=\"twitter:label1\" content=\"Gesch\u00e4tzte Lesezeit\" \/>\n\t<meta name=\"twitter:data1\" content=\"2\u00a0Minuten\" \/>\n<script type=\"application\/ld+json\" class=\"yoast-schema-graph\">{\"@context\":\"https:\\\/\\\/schema.org\",\"@graph\":[{\"@type\":\"WebPage\",\"@id\":\"https:\\\/\\\/betterleaderslab.com\\\/de\\\/ressourcen\\\/\",\"url\":\"https:\\\/\\\/betterleaderslab.com\\\/de\\\/ressourcen\\\/\",\"name\":\"Better Leaders Lab\",\"isPartOf\":{\"@id\":\"https:\\\/\\\/betterleaderslab.com\\\/#website\"},\"primaryImageOfPage\":{\"@id\":\"https:\\\/\\\/betterleaderslab.com\\\/de\\\/ressourcen\\\/#primaryimage\"},\"image\":{\"@id\":\"https:\\\/\\\/betterleaderslab.com\\\/de\\\/ressourcen\\\/#primaryimage\"},\"thumbnailUrl\":\"https:\\\/\\\/betterleaderslab.com\\\/wp-content\\\/uploads\\\/2024\\\/04\\\/4.png\",\"datePublished\":\"2024-07-18T08:15:01+00:00\",\"dateModified\":\"2025-06-04T15:58:12+00:00\",\"description\":\"Innovation und herausragende F\u00fchrungsqualit\u00e4ten f\u00f6rdern: Ressourcen f\u00fcr das Better Leaders Lab - Neue Dimensionen effektiver F\u00fchrungs- und Managementstrategien er\u00f6ffnen.\",\"breadcrumb\":{\"@id\":\"https:\\\/\\\/betterleaderslab.com\\\/de\\\/ressourcen\\\/#breadcrumb\"},\"inLanguage\":\"de\",\"potentialAction\":[{\"@type\":\"ReadAction\",\"target\":[\"https:\\\/\\\/betterleaderslab.com\\\/de\\\/ressourcen\\\/\"]}]},{\"@type\":\"ImageObject\",\"inLanguage\":\"de\",\"@id\":\"https:\\\/\\\/betterleaderslab.com\\\/de\\\/ressourcen\\\/#primaryimage\",\"url\":\"https:\\\/\\\/betterleaderslab.com\\\/wp-content\\\/uploads\\\/2024\\\/04\\\/4.png\",\"contentUrl\":\"https:\\\/\\\/betterleaderslab.com\\\/wp-content\\\/uploads\\\/2024\\\/04\\\/4.png\",\"width\":1080,\"height\":1080},{\"@type\":\"BreadcrumbList\",\"@id\":\"https:\\\/\\\/betterleaderslab.com\\\/de\\\/ressourcen\\\/#breadcrumb\",\"itemListElement\":[{\"@type\":\"ListItem\",\"position\":1,\"name\":\"Startseite\",\"item\":\"https:\\\/\\\/betterleaderslab.com\\\/de\\\/home\\\/\"},{\"@type\":\"ListItem\",\"position\":2,\"name\":\"Ressourcen\"}]},{\"@type\":\"WebSite\",\"@id\":\"https:\\\/\\\/betterleaderslab.com\\\/#website\",\"url\":\"https:\\\/\\\/betterleaderslab.com\\\/\",\"name\":\"Better Leaders Lab\",\"description\":\"\",\"publisher\":{\"@id\":\"https:\\\/\\\/betterleaderslab.com\\\/#organization\"},\"potentialAction\":[{\"@type\":\"SearchAction\",\"target\":{\"@type\":\"EntryPoint\",\"urlTemplate\":\"https:\\\/\\\/betterleaderslab.com\\\/?s={search_term_string}\"},\"query-input\":{\"@type\":\"PropertyValueSpecification\",\"valueRequired\":true,\"valueName\":\"search_term_string\"}}],\"inLanguage\":\"de\"},{\"@type\":\"Organization\",\"@id\":\"https:\\\/\\\/betterleaderslab.com\\\/#organization\",\"name\":\"Better Leaders Lab\",\"url\":\"https:\\\/\\\/betterleaderslab.com\\\/\",\"logo\":{\"@type\":\"ImageObject\",\"inLanguage\":\"de\",\"@id\":\"https:\\\/\\\/betterleaderslab.com\\\/#\\\/schema\\\/logo\\\/image\\\/\",\"url\":\"https:\\\/\\\/betterleaderslab.com\\\/wp-content\\\/uploads\\\/2023\\\/02\\\/bll-signet.svg\",\"contentUrl\":\"https:\\\/\\\/betterleaderslab.com\\\/wp-content\\\/uploads\\\/2023\\\/02\\\/bll-signet.svg\",\"width\":1,\"height\":1,\"caption\":\"Better Leaders Lab\"},\"image\":{\"@id\":\"https:\\\/\\\/betterleaderslab.com\\\/#\\\/schema\\\/logo\\\/image\\\/\"}}]}<\/script>\n<!-- \/ Yoast SEO plugin. -->","yoast_head_json":{"title":"Better Leaders Lab","description":"Innovation und herausragende F\u00fchrungsqualit\u00e4ten f\u00f6rdern: Ressourcen f\u00fcr das Better Leaders Lab - Neue Dimensionen effektiver F\u00fchrungs- und Managementstrategien er\u00f6ffnen.","robots":{"index":"index","follow":"follow","max-snippet":"max-snippet:-1","max-image-preview":"max-image-preview:large","max-video-preview":"max-video-preview:-1"},"canonical":"https:\/\/betterleaderslab.com\/de\/ressourcen\/","og_locale":"de_DE","og_type":"article","og_title":"Better Leaders Lab","og_description":"Innovation und herausragende F\u00fchrungsqualit\u00e4ten f\u00f6rdern: Ressourcen f\u00fcr das Better Leaders Lab - Neue Dimensionen effektiver F\u00fchrungs- und Managementstrategien er\u00f6ffnen.","og_url":"https:\/\/betterleaderslab.com\/de\/ressourcen\/","og_site_name":"Better Leaders Lab","article_modified_time":"2025-06-04T15:58:12+00:00","og_image":[{"width":1080,"height":1080,"url":"https:\/\/betterleaderslab.com\/wp-content\/uploads\/2024\/04\/4.png","type":"image\/png"}],"twitter_card":"summary_large_image","twitter_misc":{"Gesch\u00e4tzte Lesezeit":"2\u00a0Minuten"},"schema":{"@context":"https:\/\/schema.org","@graph":[{"@type":"WebPage","@id":"https:\/\/betterleaderslab.com\/de\/ressourcen\/","url":"https:\/\/betterleaderslab.com\/de\/ressourcen\/","name":"Better Leaders Lab","isPartOf":{"@id":"https:\/\/betterleaderslab.com\/#website"},"primaryImageOfPage":{"@id":"https:\/\/betterleaderslab.com\/de\/ressourcen\/#primaryimage"},"image":{"@id":"https:\/\/betterleaderslab.com\/de\/ressourcen\/#primaryimage"},"thumbnailUrl":"https:\/\/betterleaderslab.com\/wp-content\/uploads\/2024\/04\/4.png","datePublished":"2024-07-18T08:15:01+00:00","dateModified":"2025-06-04T15:58:12+00:00","description":"Innovation und herausragende F\u00fchrungsqualit\u00e4ten f\u00f6rdern: Ressourcen f\u00fcr das Better Leaders Lab - Neue Dimensionen effektiver F\u00fchrungs- und Managementstrategien er\u00f6ffnen.","breadcrumb":{"@id":"https:\/\/betterleaderslab.com\/de\/ressourcen\/#breadcrumb"},"inLanguage":"de","potentialAction":[{"@type":"ReadAction","target":["https:\/\/betterleaderslab.com\/de\/ressourcen\/"]}]},{"@type":"ImageObject","inLanguage":"de","@id":"https:\/\/betterleaderslab.com\/de\/ressourcen\/#primaryimage","url":"https:\/\/betterleaderslab.com\/wp-content\/uploads\/2024\/04\/4.png","contentUrl":"https:\/\/betterleaderslab.com\/wp-content\/uploads\/2024\/04\/4.png","width":1080,"height":1080},{"@type":"BreadcrumbList","@id":"https:\/\/betterleaderslab.com\/de\/ressourcen\/#breadcrumb","itemListElement":[{"@type":"ListItem","position":1,"name":"Startseite","item":"https:\/\/betterleaderslab.com\/de\/home\/"},{"@type":"ListItem","position":2,"name":"Ressourcen"}]},{"@type":"WebSite","@id":"https:\/\/betterleaderslab.com\/#website","url":"https:\/\/betterleaderslab.com\/","name":"Better Leaders Lab","description":"","publisher":{"@id":"https:\/\/betterleaderslab.com\/#organization"},"potentialAction":[{"@type":"SearchAction","target":{"@type":"EntryPoint","urlTemplate":"https:\/\/betterleaderslab.com\/?s={search_term_string}"},"query-input":{"@type":"PropertyValueSpecification","valueRequired":true,"valueName":"search_term_string"}}],"inLanguage":"de"},{"@type":"Organization","@id":"https:\/\/betterleaderslab.com\/#organization","name":"Better Leaders Lab","url":"https:\/\/betterleaderslab.com\/","logo":{"@type":"ImageObject","inLanguage":"de","@id":"https:\/\/betterleaderslab.com\/#\/schema\/logo\/image\/","url":"https:\/\/betterleaderslab.com\/wp-content\/uploads\/2023\/02\/bll-signet.svg","contentUrl":"https:\/\/betterleaderslab.com\/wp-content\/uploads\/2023\/02\/bll-signet.svg","width":1,"height":1,"caption":"Better Leaders Lab"},"image":{"@id":"https:\/\/betterleaderslab.com\/#\/schema\/logo\/image\/"}}]}},"_links":{"self":[{"href":"https:\/\/betterleaderslab.com\/de\/wp-json\/wp\/v2\/pages\/2531","targetHints":{"allow":["GET"]}}],"collection":[{"href":"https:\/\/betterleaderslab.com\/de\/wp-json\/wp\/v2\/pages"}],"about":[{"href":"https:\/\/betterleaderslab.com\/de\/wp-json\/wp\/v2\/types\/page"}],"author":[{"embeddable":true,"href":"https:\/\/betterleaderslab.com\/de\/wp-json\/wp\/v2\/users\/3"}],"replies":[{"embeddable":true,"href":"https:\/\/betterleaderslab.com\/de\/wp-json\/wp\/v2\/comments?post=2531"}],"version-history":[{"count":11,"href":"https:\/\/betterleaderslab.com\/de\/wp-json\/wp\/v2\/pages\/2531\/revisions"}],"predecessor-version":[{"id":3019,"href":"https:\/\/betterleaderslab.com\/de\/wp-json\/wp\/v2\/pages\/2531\/revisions\/3019"}],"wp:featuredmedia":[{"embeddable":true,"href":"https:\/\/betterleaderslab.com\/de\/wp-json\/wp\/v2\/media\/2214"}],"wp:attachment":[{"href":"https:\/\/betterleaderslab.com\/de\/wp-json\/wp\/v2\/media?parent=2531"}],"curies":[{"name":"wp","href":"https:\/\/api.w.org\/{rel}","templated":true}]}}